{"id":3283,"date":"2024-04-08T00:46:12","date_gmt":"2024-04-08T03:46:12","guid":{"rendered":"https:\/\/www.cdvbasket.cl\/sitio\/?page_id=3283"},"modified":"2024-04-08T00:50:46","modified_gmt":"2024-04-08T03:50:46","slug":"historico-noticias","status":"publish","type":"page","link":"https:\/\/www.cdvbasket.cl\/sitio\/historico-noticias\/","title":{"rendered":"HIST\u00d3RICO NOTICIAS"},"content":{"rendered":"\t\t<div data-elementor-type=\"wp-post\" data-elementor-id=\"3283\" class=\"elementor elementor-3283\">\n\t\t\t\t\t\t\t\t\t<section class=\"elementor-section elementor-top-section elementor-element elementor-element-5848293 elementor-section-boxed elementor-section-height-default elementor-section-height-default\" data-id=\"5848293\" data-element_type=\"section\">\n\t\t\t\t\t\t<div class=\"elementor-container elementor-column-gap-default\">\n\t\t\t\t\t<div class=\"elementor-column elementor-col-100 elementor-top-column elementor-element elementor-element-92a7a3b\" data-id=\"92a7a3b\" data-element_type=\"column\">\n\t\t\t<div class=\"elementor-widget-wrap elementor-element-populated\">\n\t\t\t\t\t\t\t\t<div class=\"elementor-element elementor-element-a6bd354 elementor-grid-3 elementor-grid-tablet-2 elementor-grid-mobile-1 elementor-posts--thumbnail-top elementor-widget elementor-widget-posts\" data-id=\"a6bd354\" data-element_type=\"widget\" data-settings=\"{&quot;pagination_type&quot;:&quot;numbers&quot;,&quot;classic_columns&quot;:&quot;3&quot;,&quot;classic_columns_tablet&quot;:&quot;2&quot;,&quot;classic_columns_mobile&quot;:&quot;1&quot;,&quot;classic_row_gap&quot;:{&quot;unit&quot;:&quot;px&quot;,&quot;size&quot;:35,&quot;sizes&quot;:[]},&quot;classic_row_gap_tablet&quot;:{&quot;unit&quot;:&quot;px&quot;,&quot;size&quot;:&quot;&quot;,&quot;sizes&quot;:[]},&quot;classic_row_gap_mobile&quot;:{&quot;unit&quot;:&quot;px&quot;,&quot;size&quot;:&quot;&quot;,&quot;sizes&quot;:[]}}\" data-widget_type=\"posts.classic\">\n\t\t\t\t<div class=\"elementor-widget-container\">\n\t\t\t\t\t<div class=\"elementor-posts-container elementor-posts elementor-posts--skin-classic elementor-grid\">\n\t\t\t\t<article class=\"elementor-post elementor-grid-item post-3650 post type-post status-publish format-standard has-post-thumbnail hentry category-liga-chery\">\n\t\t\t\t<a class=\"elementor-post__thumbnail__link\" href=\"https:\/\/www.cdvbasket.cl\/sitio\/2026\/04\/20\/club-deportivo-valdivia-sumo-su-tercer-triunfo-consecutivo-en-la-liga-nacional\/\" >\n\t\t\t<div class=\"elementor-post__thumbnail\"><img width=\"300\" height=\"200\" src=\"https:\/\/www.cdvbasket.cl\/sitio\/wp-content\/uploads\/2026\/04\/IMG_1594.JPG-liviano.jpeg-300x200.jpg\" class=\"attachment-medium size-medium\" alt=\"\" loading=\"lazy\" \/><\/div>\n\t\t<\/a>\n\t\t\t\t<div class=\"elementor-post__text\">\n\t\t\t\t<h3 class=\"elementor-post__title\">\n\t\t\t<a href=\"https:\/\/www.cdvbasket.cl\/sitio\/2026\/04\/20\/club-deportivo-valdivia-sumo-su-tercer-triunfo-consecutivo-en-la-liga-nacional\/\" >\n\t\t\t\tClub Deportivo Valdivia sum\u00f3 su tercer triunfo consecutivo en la Liga Nacional\t\t\t<\/a>\n\t\t<\/h3>\n\t\t\t\t<div class=\"elementor-post__meta-data\">\n\t\t\t\t\t<span class=\"elementor-post-date\">\n\t\t\tabril 20, 2026\t\t<\/span>\n\t\t\t\t<span class=\"elementor-post-avatar\">\n\t\t\tNo hay comentarios\t\t<\/span>\n\t\t\t\t<\/div>\n\t\t\t\t<div class=\"elementor-post__excerpt\">\n\t\t\t<p>Tras estos partidos, el conjunto valdiviano sum\u00f3 cuatro puntos. Por: Emilia Burgos Villalobos El Club Deportivo Valdivia tuvo un s\u00f3lido fin de semana como local<\/p>\n\t\t<\/div>\n\t\t\t\t\t<a class=\"elementor-post__read-more\" href=\"https:\/\/www.cdvbasket.cl\/sitio\/2026\/04\/20\/club-deportivo-valdivia-sumo-su-tercer-triunfo-consecutivo-en-la-liga-nacional\/\" >\n\t\t\t\tRead More \u00bb\t\t\t<\/a>\n\t\t\t\t<\/div>\n\t\t\t\t<\/article>\n\t\t\t\t<article class=\"elementor-post elementor-grid-item post-3617 post type-post status-publish format-standard has-post-thumbnail hentry category-liga-chery-by-cecinas-llanquihue-2025\">\n\t\t\t\t<a class=\"elementor-post__thumbnail__link\" href=\"https:\/\/www.cdvbasket.cl\/sitio\/2025\/04\/14\/club-deportivo-valdivia-se-despide-de-su-capitan-y-de-la-liga-chery\/\" >\n\t\t\t<div class=\"elementor-post__thumbnail\"><img width=\"300\" height=\"200\" src=\"https:\/\/www.cdvbasket.cl\/sitio\/wp-content\/uploads\/2025\/04\/IMG_0221-liviano-300x200.jpg\" class=\"attachment-medium size-medium\" alt=\"\" loading=\"lazy\" \/><\/div>\n\t\t<\/a>\n\t\t\t\t<div class=\"elementor-post__text\">\n\t\t\t\t<h3 class=\"elementor-post__title\">\n\t\t\t<a href=\"https:\/\/www.cdvbasket.cl\/sitio\/2025\/04\/14\/club-deportivo-valdivia-se-despide-de-su-capitan-y-de-la-liga-chery\/\" >\n\t\t\t\tClub Deportivo Valdivia se despide de su capit\u00e1n y de la Liga Chery\ufffc\t\t\t<\/a>\n\t\t<\/h3>\n\t\t\t\t<div class=\"elementor-post__meta-data\">\n\t\t\t\t\t<span class=\"elementor-post-date\">\n\t\t\tabril 14, 2025\t\t<\/span>\n\t\t\t\t<span class=\"elementor-post-avatar\">\n\t\t\tNo hay comentarios\t\t<\/span>\n\t\t\t\t<\/div>\n\t\t\t\t<div class=\"elementor-post__excerpt\">\n\t\t\t<p>Tras la victoria y las dos derrotas de esta semana, los valdivianos quedan fuera de la postemporada. Por Emilia Burgos Villalobos El Club Deportivo Valdivia<\/p>\n\t\t<\/div>\n\t\t\t\t\t<a class=\"elementor-post__read-more\" href=\"https:\/\/www.cdvbasket.cl\/sitio\/2025\/04\/14\/club-deportivo-valdivia-se-despide-de-su-capitan-y-de-la-liga-chery\/\" >\n\t\t\t\tRead More \u00bb\t\t\t<\/a>\n\t\t\t\t<\/div>\n\t\t\t\t<\/article>\n\t\t\t\t<article class=\"elementor-post elementor-grid-item post-3611 post type-post status-publish format-standard hentry category-liga-chery-by-cecinas-llanquihue-2025\">\n\t\t\t\t<div class=\"elementor-post__text\">\n\t\t\t\t<h3 class=\"elementor-post__title\">\n\t\t\t<a href=\"https:\/\/www.cdvbasket.cl\/sitio\/2025\/03\/31\/club-deportivo-valdivia-registro-3-derrotas-en-liga-chery\/\" >\n\t\t\t\tClub Deportivo Valdivia registr\u00f3 3 derrotas en Liga Chery\t\t\t<\/a>\n\t\t<\/h3>\n\t\t\t\t<div class=\"elementor-post__meta-data\">\n\t\t\t\t\t<span class=\"elementor-post-date\">\n\t\t\tmarzo 31, 2025\t\t<\/span>\n\t\t\t\t<span class=\"elementor-post-avatar\">\n\t\t\tNo hay comentarios\t\t<\/span>\n\t\t\t\t<\/div>\n\t\t\t\t<div class=\"elementor-post__excerpt\">\n\t\t\t<p>Los albirrojos se mantienen pen\u00faltimos en la tabla de posiciones. Por Emilia Burgos Villalobos En la d\u00e9cima semana de la Liga Chery by Cecinas Llanquihue,<\/p>\n\t\t<\/div>\n\t\t\t\t\t<a class=\"elementor-post__read-more\" href=\"https:\/\/www.cdvbasket.cl\/sitio\/2025\/03\/31\/club-deportivo-valdivia-registro-3-derrotas-en-liga-chery\/\" >\n\t\t\t\tRead More \u00bb\t\t\t<\/a>\n\t\t\t\t<\/div>\n\t\t\t\t<\/article>\n\t\t\t\t<article class=\"elementor-post elementor-grid-item post-3603 post type-post status-publish format-standard has-post-thumbnail hentry category-liga-uno-by-cecinas-llanquihue-2025\">\n\t\t\t\t<a class=\"elementor-post__thumbnail__link\" href=\"https:\/\/www.cdvbasket.cl\/sitio\/2025\/03\/24\/club-deportivo-valdivia-rgistro-una-victoria-y-una-derrota\/\" >\n\t\t\t<div class=\"elementor-post__thumbnail\"><img width=\"300\" height=\"239\" src=\"https:\/\/www.cdvbasket.cl\/sitio\/wp-content\/uploads\/2025\/03\/WhatsApp-Image-2025-03-23-at-17.00.44-e1742833583703-300x239.jpeg\" class=\"attachment-medium size-medium\" alt=\"\" loading=\"lazy\" \/><\/div>\n\t\t<\/a>\n\t\t\t\t<div class=\"elementor-post__text\">\n\t\t\t\t<h3 class=\"elementor-post__title\">\n\t\t\t<a href=\"https:\/\/www.cdvbasket.cl\/sitio\/2025\/03\/24\/club-deportivo-valdivia-rgistro-una-victoria-y-una-derrota\/\" >\n\t\t\t\tClub Deportivo Valdivia registr\u00f3 una victoria y una derrota\t\t\t<\/a>\n\t\t<\/h3>\n\t\t\t\t<div class=\"elementor-post__meta-data\">\n\t\t\t\t\t<span class=\"elementor-post-date\">\n\t\t\tmarzo 24, 2025\t\t<\/span>\n\t\t\t\t<span class=\"elementor-post-avatar\">\n\t\t\tNo hay comentarios\t\t<\/span>\n\t\t\t\t<\/div>\n\t\t\t\t<div class=\"elementor-post__excerpt\">\n\t\t\t<p>Tras los resultados de esta semana, el CDV suma 38 puntos y se mantiene pen\u00faltimo en la tabla de posiciones. Por Emilia Burgos Villalobos Durante<\/p>\n\t\t<\/div>\n\t\t\t\t\t<a class=\"elementor-post__read-more\" href=\"https:\/\/www.cdvbasket.cl\/sitio\/2025\/03\/24\/club-deportivo-valdivia-rgistro-una-victoria-y-una-derrota\/\" >\n\t\t\t\tRead More \u00bb\t\t\t<\/a>\n\t\t\t\t<\/div>\n\t\t\t\t<\/article>\n\t\t\t\t<article class=\"elementor-post elementor-grid-item post-3595 post type-post status-publish format-standard has-post-thumbnail hentry category-liga-uno-by-cecinas-llanquihue-2025 category-sin-categoria\">\n\t\t\t\t<a class=\"elementor-post__thumbnail__link\" href=\"https:\/\/www.cdvbasket.cl\/sitio\/2025\/03\/18\/club-deportivo-valdivia-registraron-2-victorias-en-casa\/\" >\n\t\t\t<div class=\"elementor-post__thumbnail\"><img width=\"300\" height=\"200\" src=\"https:\/\/www.cdvbasket.cl\/sitio\/wp-content\/uploads\/2025\/03\/IMG_5091-liviano-300x200.jpg\" class=\"attachment-medium size-medium\" alt=\"\" loading=\"lazy\" \/><\/div>\n\t\t<\/a>\n\t\t\t\t<div class=\"elementor-post__text\">\n\t\t\t\t<h3 class=\"elementor-post__title\">\n\t\t\t<a href=\"https:\/\/www.cdvbasket.cl\/sitio\/2025\/03\/18\/club-deportivo-valdivia-registraron-2-victorias-en-casa\/\" >\n\t\t\t\tClub Deportivo Valdivia registraron 2 victorias en casa\t\t\t<\/a>\n\t\t<\/h3>\n\t\t\t\t<div class=\"elementor-post__meta-data\">\n\t\t\t\t\t<span class=\"elementor-post-date\">\n\t\t\tmarzo 18, 2025\t\t<\/span>\n\t\t\t\t<span class=\"elementor-post-avatar\">\n\t\t\tNo hay comentarios\t\t<\/span>\n\t\t\t\t<\/div>\n\t\t\t\t<div class=\"elementor-post__excerpt\">\n\t\t\t<p>Los valdivianos rompieron su racha de 12 derrotas consecutivas. Por Emilia Burgos Villalobos El equipo albirrojo cerr\u00f3 la octava semana de la Liga Uno by<\/p>\n\t\t<\/div>\n\t\t\t\t\t<a class=\"elementor-post__read-more\" href=\"https:\/\/www.cdvbasket.cl\/sitio\/2025\/03\/18\/club-deportivo-valdivia-registraron-2-victorias-en-casa\/\" >\n\t\t\t\tRead More \u00bb\t\t\t<\/a>\n\t\t\t\t<\/div>\n\t\t\t\t<\/article>\n\t\t\t\t<article class=\"elementor-post elementor-grid-item post-3589 post type-post status-publish format-standard has-post-thumbnail hentry category-liga-uno-by-cecinas-llanquihue-2025\">\n\t\t\t\t<a class=\"elementor-post__thumbnail__link\" href=\"https:\/\/www.cdvbasket.cl\/sitio\/2025\/02\/03\/club-deportivo-valdivia-sufrio-3-duras-derrotas\/\" >\n\t\t\t<div class=\"elementor-post__thumbnail\"><img width=\"300\" height=\"200\" src=\"https:\/\/www.cdvbasket.cl\/sitio\/wp-content\/uploads\/2025\/02\/IMG_7469-liviano-300x200.jpg\" class=\"attachment-medium size-medium\" alt=\"\" loading=\"lazy\" \/><\/div>\n\t\t<\/a>\n\t\t\t\t<div class=\"elementor-post__text\">\n\t\t\t\t<h3 class=\"elementor-post__title\">\n\t\t\t<a href=\"https:\/\/www.cdvbasket.cl\/sitio\/2025\/02\/03\/club-deportivo-valdivia-sufrio-3-duras-derrotas\/\" >\n\t\t\t\tClub Deportivo Valdivia sufri\u00f3 3 duras derrotas\t\t\t<\/a>\n\t\t<\/h3>\n\t\t\t\t<div class=\"elementor-post__meta-data\">\n\t\t\t\t\t<span class=\"elementor-post-date\">\n\t\t\tfebrero 3, 2025\t\t<\/span>\n\t\t\t\t<span class=\"elementor-post-avatar\">\n\t\t\tNo hay comentarios\t\t<\/span>\n\t\t\t\t<\/div>\n\t\t\t\t<div class=\"elementor-post__excerpt\">\n\t\t\t<p>Tras estos resultados, los valdivianos sumaron 3 puntos en la Liga Uno.\u00a0 Por Emilia Burgos Villalobos El Club Deportivo Valdivia disput\u00f3 tres encuentros durante la<\/p>\n\t\t<\/div>\n\t\t\t\t\t<a class=\"elementor-post__read-more\" href=\"https:\/\/www.cdvbasket.cl\/sitio\/2025\/02\/03\/club-deportivo-valdivia-sufrio-3-duras-derrotas\/\" >\n\t\t\t\tRead More \u00bb\t\t\t<\/a>\n\t\t\t\t<\/div>\n\t\t\t\t<\/article>\n\t\t\t\t<article class=\"elementor-post elementor-grid-item post-3583 post type-post status-publish format-standard has-post-thumbnail hentry category-liga-uno-by-cecinas-llanquihue-2025\">\n\t\t\t\t<a class=\"elementor-post__thumbnail__link\" href=\"https:\/\/www.cdvbasket.cl\/sitio\/2025\/01\/28\/club-deportivo-valdivia-sumo-dos-derrotas-por-la-liga-uno%ef%bf%bc\/\" >\n\t\t\t<div class=\"elementor-post__thumbnail\"><img width=\"300\" height=\"199\" src=\"https:\/\/www.cdvbasket.cl\/sitio\/wp-content\/uploads\/2025\/01\/CVC_8050-liviano-300x199.jpg\" class=\"attachment-medium size-medium\" alt=\"\" loading=\"lazy\" \/><\/div>\n\t\t<\/a>\n\t\t\t\t<div class=\"elementor-post__text\">\n\t\t\t\t<h3 class=\"elementor-post__title\">\n\t\t\t<a href=\"https:\/\/www.cdvbasket.cl\/sitio\/2025\/01\/28\/club-deportivo-valdivia-sumo-dos-derrotas-por-la-liga-uno%ef%bf%bc\/\" >\n\t\t\t\tClub Deportivo Valdivia sum\u00f3 dos derrotas por la Liga Uno\t\t\t<\/a>\n\t\t<\/h3>\n\t\t\t\t<div class=\"elementor-post__meta-data\">\n\t\t\t\t\t<span class=\"elementor-post-date\">\n\t\t\tenero 28, 2025\t\t<\/span>\n\t\t\t\t<span class=\"elementor-post-avatar\">\n\t\t\tNo hay comentarios\t\t<\/span>\n\t\t\t\t<\/div>\n\t\t\t\t<div class=\"elementor-post__excerpt\">\n\t\t\t<p>Con estos resultados, los albirrojos se mantienen pen\u00faltimos en la tabla de posiciones.&nbsp; Por Emilia Burgos Villalobos El Club Deportivo Valdivia complet\u00f3 dos encuentros durante<\/p>\n\t\t<\/div>\n\t\t\t\t\t<a class=\"elementor-post__read-more\" href=\"https:\/\/www.cdvbasket.cl\/sitio\/2025\/01\/28\/club-deportivo-valdivia-sumo-dos-derrotas-por-la-liga-uno%ef%bf%bc\/\" >\n\t\t\t\tRead More \u00bb\t\t\t<\/a>\n\t\t\t\t<\/div>\n\t\t\t\t<\/article>\n\t\t\t\t<article class=\"elementor-post elementor-grid-item post-3577 post type-post status-publish format-standard has-post-thumbnail hentry category-liga-uno-by-cecinas-llanquihue-2025\">\n\t\t\t\t<a class=\"elementor-post__thumbnail__link\" href=\"https:\/\/www.cdvbasket.cl\/sitio\/2025\/01\/20\/club-deportivo-valdivia-registro-una-victoria-y-2-derrotas\/\" >\n\t\t\t<div class=\"elementor-post__thumbnail\"><img width=\"300\" height=\"199\" src=\"https:\/\/www.cdvbasket.cl\/sitio\/wp-content\/uploads\/2025\/01\/CVC_7484-300x199.jpg\" class=\"attachment-medium size-medium\" alt=\"\" loading=\"lazy\" \/><\/div>\n\t\t<\/a>\n\t\t\t\t<div class=\"elementor-post__text\">\n\t\t\t\t<h3 class=\"elementor-post__title\">\n\t\t\t<a href=\"https:\/\/www.cdvbasket.cl\/sitio\/2025\/01\/20\/club-deportivo-valdivia-registro-una-victoria-y-2-derrotas\/\" >\n\t\t\t\tClub Deportivo Valdivia registr\u00f3 una victoria y 2 derrotas\t\t\t<\/a>\n\t\t<\/h3>\n\t\t\t\t<div class=\"elementor-post__meta-data\">\n\t\t\t\t\t<span class=\"elementor-post-date\">\n\t\t\tenero 20, 2025\t\t<\/span>\n\t\t\t\t<span class=\"elementor-post-avatar\">\n\t\t\tNo hay comentarios\t\t<\/span>\n\t\t\t\t<\/div>\n\t\t\t\t<div class=\"elementor-post__excerpt\">\n\t\t\t<p>Con estos resultados, los valdivianos se posicionan pen\u00faltimos en la tabla. Por Emilia Burgos Villalobos El Club Deportivo Valdivia disput\u00f3 tres encuentros durante la segunda<\/p>\n\t\t<\/div>\n\t\t\t\t\t<a class=\"elementor-post__read-more\" href=\"https:\/\/www.cdvbasket.cl\/sitio\/2025\/01\/20\/club-deportivo-valdivia-registro-una-victoria-y-2-derrotas\/\" >\n\t\t\t\tRead More \u00bb\t\t\t<\/a>\n\t\t\t\t<\/div>\n\t\t\t\t<\/article>\n\t\t\t\t<article class=\"elementor-post elementor-grid-item post-3572 post type-post status-publish format-standard has-post-thumbnail hentry category-liga-uno-by-cecinas-llanquihue-2025\">\n\t\t\t\t<a class=\"elementor-post__thumbnail__link\" href=\"https:\/\/www.cdvbasket.cl\/sitio\/2025\/01\/11\/club-deportivo-valdivia-vencio-a-aba-ancud-en-el-coliseo\/\" >\n\t\t\t<div class=\"elementor-post__thumbnail\"><img width=\"300\" height=\"200\" src=\"https:\/\/www.cdvbasket.cl\/sitio\/wp-content\/uploads\/2025\/01\/0W8A7246-300x200.jpg\" class=\"attachment-medium size-medium\" alt=\"\" loading=\"lazy\" \/><\/div>\n\t\t<\/a>\n\t\t\t\t<div class=\"elementor-post__text\">\n\t\t\t\t<h3 class=\"elementor-post__title\">\n\t\t\t<a href=\"https:\/\/www.cdvbasket.cl\/sitio\/2025\/01\/11\/club-deportivo-valdivia-vencio-a-aba-ancud-en-el-coliseo\/\" >\n\t\t\t\tClub Deportivo Valdivia venci\u00f3 a ABA Ancud en el Coliseo\t\t\t<\/a>\n\t\t<\/h3>\n\t\t\t\t<div class=\"elementor-post__meta-data\">\n\t\t\t\t\t<span class=\"elementor-post-date\">\n\t\t\tenero 11, 2025\t\t<\/span>\n\t\t\t\t<span class=\"elementor-post-avatar\">\n\t\t\tNo hay comentarios\t\t<\/span>\n\t\t\t\t<\/div>\n\t\t\t\t<div class=\"elementor-post__excerpt\">\n\t\t\t<p>Los valdivianos registraron una derrota y una victoria en las primeras dos fechas de la Liga Uno. Por Emilia Burgos Villalobos En la primera semana<\/p>\n\t\t<\/div>\n\t\t\t\t\t<a class=\"elementor-post__read-more\" href=\"https:\/\/www.cdvbasket.cl\/sitio\/2025\/01\/11\/club-deportivo-valdivia-vencio-a-aba-ancud-en-el-coliseo\/\" >\n\t\t\t\tRead More \u00bb\t\t\t<\/a>\n\t\t\t\t<\/div>\n\t\t\t\t<\/article>\n\t\t\t\t<article class=\"elementor-post elementor-grid-item post-3567 post type-post status-publish format-standard has-post-thumbnail hentry category-convenios\">\n\t\t\t\t<a class=\"elementor-post__thumbnail__link\" href=\"https:\/\/www.cdvbasket.cl\/sitio\/2024\/12\/05\/club-deportivo-valdivia-firmo-contrato-con-aguas-decima\/\" >\n\t\t\t<div class=\"elementor-post__thumbnail\"><img width=\"300\" height=\"200\" src=\"https:\/\/www.cdvbasket.cl\/sitio\/wp-content\/uploads\/2024\/12\/IMG-20241205-WA0022-300x200.jpg\" class=\"attachment-medium size-medium\" alt=\"\" loading=\"lazy\" \/><\/div>\n\t\t<\/a>\n\t\t\t\t<div class=\"elementor-post__text\">\n\t\t\t\t<h3 class=\"elementor-post__title\">\n\t\t\t<a href=\"https:\/\/www.cdvbasket.cl\/sitio\/2024\/12\/05\/club-deportivo-valdivia-firmo-contrato-con-aguas-decima\/\" >\n\t\t\t\tClub Deportivo Valdivia firm\u00f3 contrato con Aguas D\u00e9cima\t\t\t<\/a>\n\t\t<\/h3>\n\t\t\t\t<div class=\"elementor-post__meta-data\">\n\t\t\t\t\t<span class=\"elementor-post-date\">\n\t\t\tdiciembre 5, 2024\t\t<\/span>\n\t\t\t\t<span class=\"elementor-post-avatar\">\n\t\t\tNo hay comentarios\t\t<\/span>\n\t\t\t\t<\/div>\n\t\t\t\t<div class=\"elementor-post__excerpt\">\n\t\t\t<p>La empresa regresa como sponsor oficial del CDV. Por Emilia Burgos Villalobos El pasado 5 de diciembre, en las instalaciones de Aguas D\u00e9cima, se oficializ\u00f3<\/p>\n\t\t<\/div>\n\t\t\t\t\t<a class=\"elementor-post__read-more\" href=\"https:\/\/www.cdvbasket.cl\/sitio\/2024\/12\/05\/club-deportivo-valdivia-firmo-contrato-con-aguas-decima\/\" >\n\t\t\t\tRead More \u00bb\t\t\t<\/a>\n\t\t\t\t<\/div>\n\t\t\t\t<\/article>\n\t\t\t\t<article class=\"elementor-post elementor-grid-item post-3562 post type-post status-publish format-standard has-post-thumbnail hentry category-copa-chile-jugabet-2024-25\">\n\t\t\t\t<a class=\"elementor-post__thumbnail__link\" href=\"https:\/\/www.cdvbasket.cl\/sitio\/2024\/12\/01\/club-deportivo-valdivia-finalizo-su-participacion-en-copa-chile\/\" >\n\t\t\t<div class=\"elementor-post__thumbnail\"><img width=\"300\" height=\"200\" src=\"https:\/\/www.cdvbasket.cl\/sitio\/wp-content\/uploads\/2024\/12\/IMG_5486-liviano-300x200.jpg\" class=\"attachment-medium size-medium\" alt=\"\" loading=\"lazy\" \/><\/div>\n\t\t<\/a>\n\t\t\t\t<div class=\"elementor-post__text\">\n\t\t\t\t<h3 class=\"elementor-post__title\">\n\t\t\t<a href=\"https:\/\/www.cdvbasket.cl\/sitio\/2024\/12\/01\/club-deportivo-valdivia-finalizo-su-participacion-en-copa-chile\/\" >\n\t\t\t\tClub Deportivo Valdivia finaliz\u00f3 su participaci\u00f3n en Copa Chile\t\t\t<\/a>\n\t\t<\/h3>\n\t\t\t\t<div class=\"elementor-post__meta-data\">\n\t\t\t\t\t<span class=\"elementor-post-date\">\n\t\t\tdiciembre 1, 2024\t\t<\/span>\n\t\t\t\t<span class=\"elementor-post-avatar\">\n\t\t\tNo hay comentarios\t\t<\/span>\n\t\t\t\t<\/div>\n\t\t\t\t<div class=\"elementor-post__excerpt\">\n\t\t\t<p>El equipo registr\u00f3 0 victorias durante su campa\u00f1a. Por Emilia Burgos Villalobos En su \u00faltimo partido de la Copa Chile JugaBet by Cecinas Llanquihue, los<\/p>\n\t\t<\/div>\n\t\t\t\t\t<a class=\"elementor-post__read-more\" href=\"https:\/\/www.cdvbasket.cl\/sitio\/2024\/12\/01\/club-deportivo-valdivia-finalizo-su-participacion-en-copa-chile\/\" >\n\t\t\t\tRead More \u00bb\t\t\t<\/a>\n\t\t\t\t<\/div>\n\t\t\t\t<\/article>\n\t\t\t\t<article class=\"elementor-post elementor-grid-item post-3554 post type-post status-publish format-standard has-post-thumbnail hentry category-copa-chile-jugabet-2024-25\">\n\t\t\t\t<a class=\"elementor-post__thumbnail__link\" href=\"https:\/\/www.cdvbasket.cl\/sitio\/2024\/11\/17\/club-deportivo-valdivia-sufrio-dos-derrotas-en-copa-chile%ef%bf%bc\/\" >\n\t\t\t<div class=\"elementor-post__thumbnail\"><img width=\"300\" height=\"200\" src=\"https:\/\/www.cdvbasket.cl\/sitio\/wp-content\/uploads\/2024\/11\/IMG_2153-liviano-300x200.jpg\" class=\"attachment-medium size-medium\" alt=\"\" loading=\"lazy\" \/><\/div>\n\t\t<\/a>\n\t\t\t\t<div class=\"elementor-post__text\">\n\t\t\t\t<h3 class=\"elementor-post__title\">\n\t\t\t<a href=\"https:\/\/www.cdvbasket.cl\/sitio\/2024\/11\/17\/club-deportivo-valdivia-sufrio-dos-derrotas-en-copa-chile%ef%bf%bc\/\" >\n\t\t\t\tClub Deportivo Valdivia sufri\u00f3 dos derrotas en Copa Chile\t\t\t<\/a>\n\t\t<\/h3>\n\t\t\t\t<div class=\"elementor-post__meta-data\">\n\t\t\t\t\t<span class=\"elementor-post-date\">\n\t\t\tnoviembre 17, 2024\t\t<\/span>\n\t\t\t\t<span class=\"elementor-post-avatar\">\n\t\t\tNo hay comentarios\t\t<\/span>\n\t\t\t\t<\/div>\n\t\t\t\t<div class=\"elementor-post__excerpt\">\n\t\t\t<p>Con estos resultados, los valdivianos quedaron fuera de la siguiente fase de la Copa Chile.&nbsp; Por Emilia Burgos Villalobos El Club Deportivo Valdivia cerr\u00f3 su<\/p>\n\t\t<\/div>\n\t\t\t\t\t<a class=\"elementor-post__read-more\" href=\"https:\/\/www.cdvbasket.cl\/sitio\/2024\/11\/17\/club-deportivo-valdivia-sufrio-dos-derrotas-en-copa-chile%ef%bf%bc\/\" >\n\t\t\t\tRead More \u00bb\t\t\t<\/a>\n\t\t\t\t<\/div>\n\t\t\t\t<\/article>\n\t\t\t\t<\/div>\n\n\n\t\t\n\t\t\t\t<div class=\"e-load-more-anchor\" data-page=\"1\" data-max-page=\"12\" data-next-page=\"https:\/\/www.cdvbasket.cl\/sitio\/wp-json\/wp\/v2\/pages\/3283\/page\/2\/\"><\/div>\n\t\t\t\t<nav class=\"elementor-pagination\" role=\"navigation\" aria-label=\"Pagination\">\n\t\t\t<span aria-current=\"page\" class=\"page-numbers current\"><span class=\"elementor-screen-only\">Page<\/span>1<\/span>\n<a class=\"page-numbers\" href=\"https:\/\/www.cdvbasket.cl\/sitio\/wp-json\/wp\/v2\/pages\/3283\/page\/2\/\"><span class=\"elementor-screen-only\">Page<\/span>2<\/a>\n<a class=\"page-numbers\" href=\"https:\/\/www.cdvbasket.cl\/sitio\/wp-json\/wp\/v2\/pages\/3283\/page\/3\/\"><span class=\"elementor-screen-only\">Page<\/span>3<\/a>\n<a class=\"page-numbers\" href=\"https:\/\/www.cdvbasket.cl\/sitio\/wp-json\/wp\/v2\/pages\/3283\/page\/4\/\"><span class=\"elementor-screen-only\">Page<\/span>4<\/a>\n<a class=\"page-numbers\" href=\"https:\/\/www.cdvbasket.cl\/sitio\/wp-json\/wp\/v2\/pages\/3283\/page\/5\/\"><span class=\"elementor-screen-only\">Page<\/span>5<\/a>\t\t<\/nav>\n\t\t\t\t<\/div>\n\t\t\t\t<\/div>\n\t\t\t\t\t<\/div>\n\t\t<\/div>\n\t\t\t\t\t\t\t<\/div>\n\t\t<\/section>\n\t\t\t\t\t\t\t<\/div>\n\t\t","protected":false},"excerpt":{"rendered":"Con estos resultados, los valdivianos quedaron fuera de la siguiente fase de la Copa Chile.&nbsp; Por Emilia Burgos Villalobos El Club Deportivo Valdivia cerr\u00f3 su participaci\u00f3n en la quinta semana de la Copa Chile JugaBet by Cecinas Llanquihue con dos derrotas frente a Club Deportes Las \u00c1nimas y Puerto Varas Basket, resultados que lo posicionan...","protected":false},"author":1,"featured_media":0,"parent":0,"menu_order":0,"comment_status":"closed","ping_status":"closed","template":"","meta":[],"_links":{"self":[{"href":"https:\/\/www.cdvbasket.cl\/sitio\/wp-json\/wp\/v2\/pages\/3283"}],"collection":[{"href":"https:\/\/www.cdvbasket.cl\/sitio\/wp-json\/wp\/v2\/pages"}],"about":[{"href":"https:\/\/www.cdvbasket.cl\/sitio\/wp-json\/wp\/v2\/types\/page"}],"author":[{"embeddable":true,"href":"https:\/\/www.cdvbasket.cl\/sitio\/wp-json\/wp\/v2\/users\/1"}],"replies":[{"embeddable":true,"href":"https:\/\/www.cdvbasket.cl\/sitio\/wp-json\/wp\/v2\/comments?post=3283"}],"version-history":[{"count":5,"href":"https:\/\/www.cdvbasket.cl\/sitio\/wp-json\/wp\/v2\/pages\/3283\/revisions"}],"predecessor-version":[{"id":3288,"href":"https:\/\/www.cdvbasket.cl\/sitio\/wp-json\/wp\/v2\/pages\/3283\/revisions\/3288"}],"wp:attachment":[{"href":"https:\/\/www.cdvbasket.cl\/sitio\/wp-json\/wp\/v2\/media?parent=3283"}],"curies":[{"name":"wp","href":"https:\/\/api.w.org\/{rel}","templated":true}]}}