{"id":790,"date":"2016-05-12T10:54:33","date_gmt":"2016-05-12T13:54:33","guid":{"rendered":"http:\/\/splash.stylemixthemes.com\/?page_id=790"},"modified":"2024-05-10T13:38:25","modified_gmt":"2024-05-10T16:38:25","slug":"el-club","status":"publish","type":"page","link":"https:\/\/www.cdvbasket.cl\/sitio\/el-club\/","title":{"rendered":"El Club"},"content":{"rendered":"\t\t<div data-elementor-type=\"wp-page\" data-elementor-id=\"790\" class=\"elementor elementor-790\">\n\t\t\t\t\t\t\t\t\t<section class=\"elementor-section elementor-top-section elementor-element elementor-element-76c1c52 elementor-section-boxed elementor-section-height-default elementor-section-height-default\" data-id=\"76c1c52\" data-element_type=\"section\">\n\t\t\t\t\t\t<div class=\"elementor-container elementor-column-gap-default\">\n\t\t\t\t\t<div class=\"elementor-column elementor-col-100 elementor-top-column elementor-element elementor-element-5eceffe\" data-id=\"5eceffe\" data-element_type=\"column\">\n\t\t\t<div class=\"elementor-widget-wrap elementor-element-populated\">\n\t\t\t\t\t\t\t\t<div class=\"elementor-element elementor-element-7b13d2a elementor-widget elementor-widget-image\" data-id=\"7b13d2a\" data-element_type=\"widget\" data-widget_type=\"image.default\">\n\t\t\t\t<div class=\"elementor-widget-container\">\n\t\t\t\t\t\t\t\t\t\t\t\t\t\t\t<img width=\"1536\" height=\"204\" src=\"https:\/\/www.cdvbasket.cl\/sitio\/wp-content\/uploads\/2021\/03\/FONDO-FOOTER-2-1-1536x204.png\" class=\"attachment-1536x1536 size-1536x1536\" alt=\"\" loading=\"lazy\" srcset=\"https:\/\/www.cdvbasket.cl\/sitio\/wp-content\/uploads\/2021\/03\/FONDO-FOOTER-2-1-1536x204.png 1536w, https:\/\/www.cdvbasket.cl\/sitio\/wp-content\/uploads\/2021\/03\/FONDO-FOOTER-2-1-300x40.png 300w, https:\/\/www.cdvbasket.cl\/sitio\/wp-content\/uploads\/2021\/03\/FONDO-FOOTER-2-1-1024x136.png 1024w, https:\/\/www.cdvbasket.cl\/sitio\/wp-content\/uploads\/2021\/03\/FONDO-FOOTER-2-1-768x102.png 768w, https:\/\/www.cdvbasket.cl\/sitio\/wp-content\/uploads\/2021\/03\/FONDO-FOOTER-2-1-2048x272.png 2048w, https:\/\/www.cdvbasket.cl\/sitio\/wp-content\/uploads\/2021\/03\/FONDO-FOOTER-2-1-128x17.png 128w, https:\/\/www.cdvbasket.cl\/sitio\/wp-content\/uploads\/2021\/03\/FONDO-FOOTER-2-1-32x4.png 32w, https:\/\/www.cdvbasket.cl\/sitio\/wp-content\/uploads\/2021\/03\/FONDO-FOOTER-2-1-98x13.png 98w, https:\/\/www.cdvbasket.cl\/sitio\/wp-content\/uploads\/2021\/03\/FONDO-FOOTER-2-1-600x80.png 600w\" sizes=\"(max-width: 1536px) 100vw, 1536px\" \/>\t\t\t\t\t\t\t\t\t\t\t\t\t\t\t<\/div>\n\t\t\t\t<\/div>\n\t\t\t\t\t<\/div>\n\t\t<\/div>\n\t\t\t\t\t\t\t<\/div>\n\t\t<\/section>\n\t\t\t\t<section class=\"elementor-section elementor-top-section elementor-element elementor-element-50a8bcea elementor-section-boxed elementor-section-height-default elementor-section-height-default\" data-id=\"50a8bcea\" data-element_type=\"section\">\n\t\t\t\t\t\t<div class=\"elementor-container elementor-column-gap-default\">\n\t\t\t\t\t<div class=\"elementor-column elementor-col-50 elementor-top-column elementor-element elementor-element-673cd632\" data-id=\"673cd632\" data-element_type=\"column\">\n\t\t\t<div class=\"elementor-widget-wrap elementor-element-populated\">\n\t\t\t\t\t\t\t\t<div class=\"elementor-element elementor-element-6e379271 elementor-widget elementor-widget-text-editor\" data-id=\"6e379271\" data-element_type=\"widget\" data-widget_type=\"text-editor.default\">\n\t\t\t\t<div class=\"elementor-widget-container\">\n\t\t\t\t\t\t\t<p>\u00a0<\/p><p><br \/>El Club Deportivo Valdivia es una organizaci\u00f3n sin fines de lucro, formada y gobernada por sus socios activos, quienes se re\u00fanen por lo menos una vez al a\u00f1o en la Asamblea General de Socios, la m\u00e1xima instancia social del Club.<br \/>Nuestros estatutos establecen que el objetivo principal de las actividades del CDV es la pr\u00e1ctica del baloncesto a nivel profesional y formativo, adem\u00e1s de la promoci\u00f3n de los valores asociados a este deporte entre los socios, sus familias, la comunidad de Valdivia y la Regi\u00f3n de Los R\u00edos.<\/p><p>\u00a0<\/p>\t\t\t\t\t\t<\/div>\n\t\t\t\t<\/div>\n\t\t\t\t<div class=\"elementor-element elementor-element-63672bc elementor-widget elementor-widget-image\" data-id=\"63672bc\" data-element_type=\"widget\" data-widget_type=\"image.default\">\n\t\t\t\t<div class=\"elementor-widget-container\">\n\t\t\t\t\t\t\t\t\t\t\t\t\t\t\t<img width=\"1024\" height=\"682\" src=\"https:\/\/www.cdvbasket.cl\/sitio\/wp-content\/uploads\/2024\/05\/5728f13b-1b8d-44d7-a8d4-9bff9ec645ec-liviano-1024x682.jpg\" class=\"attachment-large size-large\" alt=\"\" loading=\"lazy\" srcset=\"https:\/\/www.cdvbasket.cl\/sitio\/wp-content\/uploads\/2024\/05\/5728f13b-1b8d-44d7-a8d4-9bff9ec645ec-liviano-1024x682.jpg 1024w, https:\/\/www.cdvbasket.cl\/sitio\/wp-content\/uploads\/2024\/05\/5728f13b-1b8d-44d7-a8d4-9bff9ec645ec-liviano-300x200.jpg 300w, https:\/\/www.cdvbasket.cl\/sitio\/wp-content\/uploads\/2024\/05\/5728f13b-1b8d-44d7-a8d4-9bff9ec645ec-liviano-768x512.jpg 768w, https:\/\/www.cdvbasket.cl\/sitio\/wp-content\/uploads\/2024\/05\/5728f13b-1b8d-44d7-a8d4-9bff9ec645ec-liviano-360x240.jpg 360w, https:\/\/www.cdvbasket.cl\/sitio\/wp-content\/uploads\/2024\/05\/5728f13b-1b8d-44d7-a8d4-9bff9ec645ec-liviano-98x65.jpg 98w, https:\/\/www.cdvbasket.cl\/sitio\/wp-content\/uploads\/2024\/05\/5728f13b-1b8d-44d7-a8d4-9bff9ec645ec-liviano-600x400.jpg 600w, https:\/\/www.cdvbasket.cl\/sitio\/wp-content\/uploads\/2024\/05\/5728f13b-1b8d-44d7-a8d4-9bff9ec645ec-liviano.jpg 1501w\" sizes=\"(max-width: 1024px) 100vw, 1024px\" \/>\t\t\t\t\t\t\t\t\t\t\t\t\t\t\t<\/div>\n\t\t\t\t<\/div>\n\t\t\t\t\t<\/div>\n\t\t<\/div>\n\t\t\t\t<div class=\"elementor-column elementor-col-50 elementor-top-column elementor-element elementor-element-840348b\" data-id=\"840348b\" data-element_type=\"column\">\n\t\t\t<div class=\"elementor-widget-wrap elementor-element-populated\">\n\t\t\t\t\t\t\t\t<div class=\"elementor-element elementor-element-c2128b8 elementor-widget elementor-widget-image\" data-id=\"c2128b8\" data-element_type=\"widget\" data-widget_type=\"image.default\">\n\t\t\t\t<div class=\"elementor-widget-container\">\n\t\t\t\t\t\t\t\t\t\t\t\t\t\t\t<img width=\"300\" height=\"255\" src=\"https:\/\/www.cdvbasket.cl\/sitio\/wp-content\/uploads\/2022\/03\/CDV-ESTRELLAS-MR-300x255.png\" class=\"attachment-medium size-medium\" alt=\"\" loading=\"lazy\" srcset=\"https:\/\/www.cdvbasket.cl\/sitio\/wp-content\/uploads\/2022\/03\/CDV-ESTRELLAS-MR-300x255.png 300w, https:\/\/www.cdvbasket.cl\/sitio\/wp-content\/uploads\/2022\/03\/CDV-ESTRELLAS-MR-1024x870.png 1024w, https:\/\/www.cdvbasket.cl\/sitio\/wp-content\/uploads\/2022\/03\/CDV-ESTRELLAS-MR-768x653.png 768w, https:\/\/www.cdvbasket.cl\/sitio\/wp-content\/uploads\/2022\/03\/CDV-ESTRELLAS-MR-1536x1306.png 1536w, https:\/\/www.cdvbasket.cl\/sitio\/wp-content\/uploads\/2022\/03\/CDV-ESTRELLAS-MR-2048x1741.png 2048w, https:\/\/www.cdvbasket.cl\/sitio\/wp-content\/uploads\/2022\/03\/CDV-ESTRELLAS-MR-128x109.png 128w, https:\/\/www.cdvbasket.cl\/sitio\/wp-content\/uploads\/2022\/03\/CDV-ESTRELLAS-MR-32x27.png 32w, https:\/\/www.cdvbasket.cl\/sitio\/wp-content\/uploads\/2022\/03\/CDV-ESTRELLAS-MR-98x83.png 98w, https:\/\/www.cdvbasket.cl\/sitio\/wp-content\/uploads\/2022\/03\/CDV-ESTRELLAS-MR-600x510.png 600w\" sizes=\"(max-width: 300px) 100vw, 300px\" \/>\t\t\t\t\t\t\t\t\t\t\t\t\t\t\t<\/div>\n\t\t\t\t<\/div>\n\t\t\t\t<div class=\"elementor-element elementor-element-5c698cf elementor-widget elementor-widget-text-editor\" data-id=\"5c698cf\" data-element_type=\"widget\" data-widget_type=\"text-editor.default\">\n\t\t\t\t<div class=\"elementor-widget-container\">\n\t\t\t\t\t\t\t<p><span style=\"color: #151515; font-family: 'Roboto Condensed'; font-size: 24px; font-weight: bold;\">Estructura institucional del Club Deportivo Valdivia<\/span><\/p><h5>El Directorio<\/h5><p>El Club Deportivo Valdivia es gobernado por el Directorio, entidad ejecutiva integrada por 5 socios, los que son elegidos mediante votaci\u00f3n directa por la Asamblea General. El actual Directorio del CDV, en funciones desde febrero de 2024, est\u00e1 compuesto por los socios:<\/p><p><strong>Presidente: Patricio Martin Katusic.<\/strong><br \/><strong>Secretario: Jos\u00e9 Calqu\u00edn Heinsohn.<\/strong><br \/><strong>Tesorera: Macarena Rebolledo Vargas.<\/strong><br \/><strong>Director: Ignacio Gatica Ag\u00fcero.<\/strong><br \/><strong>Director: Beatriz Loyola Rodr\u00edguez.<\/strong><\/p>\t\t\t\t\t\t<\/div>\n\t\t\t\t<\/div>\n\t\t\t\t\t<\/div>\n\t\t<\/div>\n\t\t\t\t\t\t\t<\/div>\n\t\t<\/section>\n\t\t\t\t<section class=\"elementor-section elementor-top-section elementor-element elementor-element-f3bd226 elementor-section-boxed elementor-section-height-default elementor-section-height-default\" data-id=\"f3bd226\" data-element_type=\"section\">\n\t\t\t\t\t\t<div class=\"elementor-container elementor-column-gap-default\">\n\t\t\t\t\t<div class=\"elementor-column elementor-col-100 elementor-top-column elementor-element elementor-element-79a67ef\" data-id=\"79a67ef\" data-element_type=\"column\">\n\t\t\t<div class=\"elementor-widget-wrap elementor-element-populated\">\n\t\t\t\t\t\t\t\t<div class=\"elementor-element elementor-element-f5b4162 elementor-widget elementor-widget-text-editor\" data-id=\"f5b4162\" data-element_type=\"widget\" data-widget_type=\"text-editor.default\">\n\t\t\t\t<div class=\"elementor-widget-container\">\n\t\t\t\t\t\t\t<p>Adem\u00e1s del Directorio, los estatutos del Club establecen dos comisiones permanentes y aut\u00f3nomas: la Comisi\u00f3n Revisora de Cuentas y la Comisi\u00f3n de \u00c9tica.<\/p><div>Finalmente, el Club Deportivo Valdivia integra a un grupo de socios y simpatizantes que realizan un trabajo multidisciplinario a trav\u00e9s de diferentes Unidades de Gesti\u00f3n bajo la supervisi\u00f3n del Directorio<span style=\"color: var( --e-global-color-text ); font-family: var( --e-global-typography-text-font-family ), Sans-serif;\">.<\/span><\/div>\t\t\t\t\t\t<\/div>\n\t\t\t\t<\/div>\n\t\t\t\t<div class=\"elementor-element elementor-element-a1e749a elementor-widget elementor-widget-heading\" data-id=\"a1e749a\" data-element_type=\"widget\" data-widget_type=\"heading.default\">\n\t\t\t\t<div class=\"elementor-widget-container\">\n\t\t\t<h4 class=\"elementor-heading-title elementor-size-default\">Redes Sociales<\/h4>\t\t<\/div>\n\t\t\t\t<\/div>\n\t\t\t\t<div class=\"elementor-element elementor-element-f346383 elementor-shape-rounded elementor-grid-0 e-grid-align-center elementor-widget elementor-widget-social-icons\" data-id=\"f346383\" data-element_type=\"widget\" data-widget_type=\"social-icons.default\">\n\t\t\t\t<div class=\"elementor-widget-container\">\n\t\t\t\t\t<div class=\"elementor-social-icons-wrapper elementor-grid\">\n\t\t\t\t\t\t\t<span class=\"elementor-grid-item\">\n\t\t\t\t\t<a class=\"elementor-icon elementor-social-icon elementor-social-icon-facebook elementor-repeater-item-593157a\" href=\"https:\/\/www.facebook.com\/CDVBasket\" target=\"_blank\">\n\t\t\t\t\t\t<span class=\"elementor-screen-only\">Facebook<\/span>\n\t\t\t\t\t\t<i class=\"fab fa-facebook\"><\/i>\t\t\t\t\t<\/a>\n\t\t\t\t<\/span>\n\t\t\t\t\t\t\t<span class=\"elementor-grid-item\">\n\t\t\t\t\t<a class=\"elementor-icon elementor-social-icon elementor-social-icon-twitter elementor-repeater-item-d8aa02e\" href=\"https:\/\/www.twitter.com\/CDVBasket\" target=\"_blank\">\n\t\t\t\t\t\t<span class=\"elementor-screen-only\">Twitter<\/span>\n\t\t\t\t\t\t<i class=\"fab fa-twitter\"><\/i>\t\t\t\t\t<\/a>\n\t\t\t\t<\/span>\n\t\t\t\t\t\t\t<span class=\"elementor-grid-item\">\n\t\t\t\t\t<a class=\"elementor-icon elementor-social-icon elementor-social-icon-instagram elementor-repeater-item-6f867e6\" href=\"https:\/\/www.instagram.com\/CDV_Basket\" target=\"_blank\">\n\t\t\t\t\t\t<span class=\"elementor-screen-only\">Instagram<\/span>\n\t\t\t\t\t\t<i class=\"fab fa-instagram\"><\/i>\t\t\t\t\t<\/a>\n\t\t\t\t<\/span>\n\t\t\t\t\t\t\t<span class=\"elementor-grid-item\">\n\t\t\t\t\t<a class=\"elementor-icon elementor-social-icon elementor-social-icon-tiktok elementor-repeater-item-281dafa\" target=\"_blank\">\n\t\t\t\t\t\t<span class=\"elementor-screen-only\">Tiktok<\/span>\n\t\t\t\t\t\t<i class=\"fab fa-tiktok\"><\/i>\t\t\t\t\t<\/a>\n\t\t\t\t<\/span>\n\t\t\t\t\t<\/div>\n\t\t\t\t<\/div>\n\t\t\t\t<\/div>\n\t\t\t\t\t<\/div>\n\t\t<\/div>\n\t\t\t\t\t\t\t<\/div>\n\t\t<\/section>\n\t\t\t\t\t\t\t<\/div>\n\t\t","protected":false},"excerpt":{"rendered":"<p>\u00a0 El Club Deportivo Valdivia es una organizaci\u00f3n sin fines de lucro, formada y gobernada por sus socios activos, quienes se re\u00fanen por lo menos una vez al a\u00f1o en la Asamblea General de Socios, la m\u00e1xima instancia social del Club.Nuestros estatutos establecen que el objetivo principal de las actividades del CDV es la pr\u00e1ctica&#8230;<\/p>\n","protected":false},"author":1,"featured_media":0,"parent":0,"menu_order":0,"comment_status":"closed","ping_status":"closed","template":"","meta":[],"_links":{"self":[{"href":"https:\/\/www.cdvbasket.cl\/sitio\/wp-json\/wp\/v2\/pages\/790"}],"collection":[{"href":"https:\/\/www.cdvbasket.cl\/sitio\/wp-json\/wp\/v2\/pages"}],"about":[{"href":"https:\/\/www.cdvbasket.cl\/sitio\/wp-json\/wp\/v2\/types\/page"}],"author":[{"embeddable":true,"href":"https:\/\/www.cdvbasket.cl\/sitio\/wp-json\/wp\/v2\/users\/1"}],"replies":[{"embeddable":true,"href":"https:\/\/www.cdvbasket.cl\/sitio\/wp-json\/wp\/v2\/comments?post=790"}],"version-history":[{"count":75,"href":"https:\/\/www.cdvbasket.cl\/sitio\/wp-json\/wp\/v2\/pages\/790\/revisions"}],"predecessor-version":[{"id":3472,"href":"https:\/\/www.cdvbasket.cl\/sitio\/wp-json\/wp\/v2\/pages\/790\/revisions\/3472"}],"wp:attachment":[{"href":"https:\/\/www.cdvbasket.cl\/sitio\/wp-json\/wp\/v2\/media?parent=790"}],"curies":[{"name":"wp","href":"https:\/\/api.w.org\/{rel}","templated":true}]}}